{"id":47698,"date":"2025-10-18T12:18:17","date_gmt":"2025-10-18T10:18:17","guid":{"rendered":"https:\/\/www.protea-france.com\/?page_id=47698"},"modified":"2025-10-18T19:01:21","modified_gmt":"2025-10-18T17:01:21","slug":"legal-notices","status":"publish","type":"page","link":"https:\/\/www.protea-france.com\/en\/legal-notices\/","title":{"rendered":"Legal notices"},"content":{"rendered":"\t\t<div data-elementor-type=\"wp-page\" data-elementor-id=\"47698\" class=\"elementor elementor-47698\" data-elementor-post-type=\"page\">\n\t\t\t\t<div class=\"elementor-element elementor-element-f4fa3de e-flex e-con-boxed cmsmasters-block-default e-con e-parent\" data-id=\"f4fa3de\" data-element_type=\"container\" data-e-type=\"container\" data-settings=\"{&quot;background_background&quot;:&quot;classic&quot;}\">\n\t\t\t\t\t<div class=\"e-con-inner\">\n\t\t\t\t<div class=\"elementor-element elementor-element-d57b12b cmsmasters-block-default cmsmasters-sticky-default elementor-widget elementor-widget-heading\" data-id=\"d57b12b\" data-element_type=\"widget\" data-e-type=\"widget\" data-widget_type=\"heading.default\">\n\t\t\t\t<div class=\"elementor-widget-container\">\n\t\t\t\t\t<h1 class=\"elementor-heading-title elementor-size-default\">Mentions L\u00e9gales<\/h1>\t\t\t\t<\/div>\n\t\t\t\t<\/div>\n\t\t\t\t<div class=\"elementor-element elementor-element-1a145c7 cmsmasters-separator-type-text cmsmasters-block-default cmsmasters-sticky-default elementor-widget elementor-widget-cmsmasters-breadcrumbs cmsmasters-widget-breadcrumbs\" data-id=\"1a145c7\" data-element_type=\"widget\" data-e-type=\"widget\" data-widget_type=\"cmsmasters-breadcrumbs.default\">\n\t\t\t\t<div class=\"elementor-widget-container\">\n\t\t\t\t\t<div class=\"cmsmasters-widget-breadcrumbs__container\"><div class=\"cmsmasters-widget-breadcrumbs__content\"><a href=\"https:\/\/www.protea-france.com\/en\/\" class=\"cmsmasters-home\">Home<\/a><span class=\"cmsmasters-widget-breadcrumbs__sep\"><span>\/<\/span><\/span><span>No breadcrumbs<\/span><\/div><\/div>\t\t\t\t<\/div>\n\t\t\t\t<\/div>\n\t\t\t\t\t<\/div>\n\t\t\t\t<\/div>\n\t\t<div class=\"elementor-element elementor-element-b986478 e-flex e-con-boxed cmsmasters-block-default e-con e-parent\" data-id=\"b986478\" data-element_type=\"container\" data-e-type=\"container\">\n\t\t\t\t\t<div class=\"e-con-inner\">\n\t\t\t\t<div class=\"elementor-element elementor-element-161846e cmsmasters-block-default cmsmasters-sticky-default elementor-widget elementor-widget-text-editor\" data-id=\"161846e\" data-element_type=\"widget\" data-e-type=\"widget\" data-widget_type=\"text-editor.default\">\n\t\t\t\t<div class=\"elementor-widget-container\">\n\t\t\t\t\t\t\t\t\t<h5>1. \u00c9diteur du site<\/h5><p>Le pr\u00e9sent site est \u00e9dit\u00e9 par : Protea France<br \/>Forme juridique : SAS<br \/>Capital social : 402 000 \u20ac<br \/>Si\u00e8ge social : 11 ROUTE DES BARBOTTINS, 16130 GENSAC-LA-PALLUE &#8211; FRANCE<br \/>Immatriculation : 451 069 892 R.C.S. Angouleme<br \/>Num\u00e9ro de TVA intracommunautaire : FR33451069892<br \/>T\u00e9l\u00e9phone : +33 5 45 35 90 04<br \/>Email : commercial@protea-france.com<br \/>Directeur de la publication : William HOSTEING<\/p><h5>2. H\u00e9bergement<\/h5><p>Le site est h\u00e9berg\u00e9 par : OVH<br \/>Adresse : 2, rue Kellermann, 59100 Roubaix<br \/>T\u00e9l\u00e9phone : + 33 9 55 00 66 33<br \/>Site web : www.ovh.com<\/p><h5>3. Propri\u00e9t\u00e9 intellectuelle<\/h5><p>L\u2019ensemble du contenu pr\u00e9sent sur ce site (textes, images, graphismes, logos, vid\u00e9os, etc.) est prot\u00e9g\u00e9 par le droit d\u2019auteur et la l\u00e9gislation relative \u00e0 la propri\u00e9t\u00e9 intellectuelle.<br \/>Toute reproduction, repr\u00e9sentation, modification, publication, transmission, d\u00e9naturation, totale ou partielle du site ou de son contenu, par quelque proc\u00e9d\u00e9 que ce soit, et sur quelque support que ce soit, est interdite sans l\u2019autorisation \u00e9crite pr\u00e9alable de l\u2019\u00e9diteur.<\/p><h5>4. Responsabilit\u00e9<\/h5><p>L\u2019\u00e9diteur du site s\u2019efforce d\u2019assurer l\u2019exactitude et la mise \u00e0 jour des informations diffus\u00e9es. Toutefois, il ne saurait \u00eatre tenu responsable des erreurs ou omissions, ou de l\u2019utilisation qui pourrait \u00eatre faite de ces informations.<br \/>Le site peut contenir des liens vers d\u2019autres sites dont l\u2019\u00e9diteur n\u2019a aucun contr\u00f4le. Il d\u00e9cline toute responsabilit\u00e9 quant au contenu de ces sites tiers.<\/p><h5>5. Donn\u00e9es personnelles<\/h5><p>Les informations collect\u00e9es sur ce site sont trait\u00e9es conform\u00e9ment \u00e0 notre <a href=\"https:\/\/www.protea-france.com\/en\/politique-de-confidentialite\/\">Politique de confidentialit\u00e9<\/a>.<br \/>Conform\u00e9ment au RGPD et \u00e0 la loi Informatique et Libert\u00e9s, vous disposez d\u2019un droit d\u2019acc\u00e8s, de rectification, de suppression et d\u2019opposition au traitement de vos donn\u00e9es.<br \/>Pour exercer vos droits, contactez-nous \u00e0 : whosteing@proteafrance.onmicrosoft.com.<\/p><h5>6. Cookies<\/h5><p>Le site peut utiliser des cookies afin d\u2019am\u00e9liorer l\u2019exp\u00e9rience de navigation et r\u00e9aliser des mesures d\u2019audience.<br \/>Vous pouvez g\u00e9rer vos pr\u00e9f\u00e9rences via le bandeau de gestion des cookies ou dans les param\u00e8tres de votre navigateur.<\/p><h5>7. Cr\u00e9dit photos<\/h5><p>Adobe Stock &#8211; Shutterstock<\/p>\t\t\t\t\t\t\t\t<\/div>\n\t\t\t\t<\/div>\n\t\t\t\t\t<\/div>\n\t\t\t\t<\/div>\n\t\t\t\t<\/div>\n\t\t","protected":false},"excerpt":{"rendered":"<p>Mentions L\u00e9gales Home\/No breadcrumbs 1. \u00c9diteur du site Le pr\u00e9sent site est \u00e9dit\u00e9 par : Protea FranceForme juridique : SASCapital social : 402 000 \u20acSi\u00e8ge social : 11 ROUTE DES BARBOTTINS, 16130 GENSAC-LA-PALLUE &#8211; FRANCEImmatriculation : 451 069 892 R.C.S. AngoulemeNum\u00e9ro de TVA intracommunautaire : FR33451069892T\u00e9l\u00e9phone : +33 5 45 35 90 04Email : commercial@protea-france.comDirecteur&#8230;<\/p>\n","protected":false},"author":1,"featured_media":0,"parent":0,"menu_order":0,"comment_status":"closed","ping_status":"closed","template":"","meta":{"_acf_changed":false,"inline_featured_image":false,"footnotes":""},"class_list":["post-47698","page","type-page","status-publish","hentry"],"acf":[],"aioseo_notices":[],"_links":{"self":[{"href":"https:\/\/www.protea-france.com\/en\/wp-json\/wp\/v2\/pages\/47698","targetHints":{"allow":["GET"]}}],"collection":[{"href":"https:\/\/www.protea-france.com\/en\/wp-json\/wp\/v2\/pages"}],"about":[{"href":"https:\/\/www.protea-france.com\/en\/wp-json\/wp\/v2\/types\/page"}],"author":[{"embeddable":true,"href":"https:\/\/www.protea-france.com\/en\/wp-json\/wp\/v2\/users\/1"}],"replies":[{"embeddable":true,"href":"https:\/\/www.protea-france.com\/en\/wp-json\/wp\/v2\/comments?post=47698"}],"version-history":[{"count":20,"href":"https:\/\/www.protea-france.com\/en\/wp-json\/wp\/v2\/pages\/47698\/revisions"}],"predecessor-version":[{"id":47750,"href":"https:\/\/www.protea-france.com\/en\/wp-json\/wp\/v2\/pages\/47698\/revisions\/47750"}],"wp:attachment":[{"href":"https:\/\/www.protea-france.com\/en\/wp-json\/wp\/v2\/media?parent=47698"}],"curies":[{"name":"wp","href":"https:\/\/api.w.org\/{rel}","templated":true}]}}