{"id":3,"date":"2025-06-13T18:13:44","date_gmt":"2025-06-13T16:13:44","guid":{"rendered":"https:\/\/www.protea-france.com\/?page_id=3"},"modified":"2025-10-19T16:40:04","modified_gmt":"2025-10-19T14:40:04","slug":"privacy-policy","status":"publish","type":"page","link":"https:\/\/www.protea-france.com\/en\/privacy-policy\/","title":{"rendered":"Privacy Policy"},"content":{"rendered":"\t\t<div data-elementor-type=\"wp-page\" data-elementor-id=\"3\" class=\"elementor elementor-3\" data-elementor-post-type=\"page\">\n\t\t\t\t<div class=\"elementor-element elementor-element-63186ca e-flex e-con-boxed cmsmasters-block-default e-con e-parent\" data-id=\"63186ca\" data-element_type=\"container\" data-e-type=\"container\" data-settings=\"{&quot;background_background&quot;:&quot;classic&quot;}\">\n\t\t\t\t\t<div class=\"e-con-inner\">\n\t\t\t\t<div class=\"elementor-element elementor-element-1292c9b cmsmasters-block-default cmsmasters-sticky-default elementor-widget elementor-widget-heading\" data-id=\"1292c9b\" data-element_type=\"widget\" data-e-type=\"widget\" data-widget_type=\"heading.default\">\n\t\t\t\t<div class=\"elementor-widget-container\">\n\t\t\t\t\t<h1 class=\"elementor-heading-title elementor-size-default\">Privacy policy<\/h1>\t\t\t\t<\/div>\n\t\t\t\t<\/div>\n\t\t\t\t<div class=\"elementor-element elementor-element-179eb70 cmsmasters-separator-type-text cmsmasters-block-default cmsmasters-sticky-default elementor-widget elementor-widget-cmsmasters-breadcrumbs cmsmasters-widget-breadcrumbs\" data-id=\"179eb70\" data-element_type=\"widget\" data-e-type=\"widget\" data-widget_type=\"cmsmasters-breadcrumbs.default\">\n\t\t\t\t<div class=\"elementor-widget-container\">\n\t\t\t\t\t<div class=\"cmsmasters-widget-breadcrumbs__container\"><div class=\"cmsmasters-widget-breadcrumbs__content\"><a href=\"https:\/\/www.protea-france.com\/en\/\" class=\"cmsmasters-home\">Home<\/a><span class=\"cmsmasters-widget-breadcrumbs__sep\"><span>\/<\/span><\/span><span>No breadcrumbs<\/span><\/div><\/div>\t\t\t\t<\/div>\n\t\t\t\t<\/div>\n\t\t\t\t\t<\/div>\n\t\t\t\t<\/div>\n\t\t<div class=\"elementor-element elementor-element-6fcb7ace e-flex e-con-boxed cmsmasters-block-default e-con e-parent\" data-id=\"6fcb7ace\" data-element_type=\"container\" data-e-type=\"container\">\n\t\t\t\t\t<div class=\"e-con-inner\">\n\t\t\t\t<div class=\"elementor-element elementor-element-2cdf95af cmsmasters-block-default cmsmasters-sticky-default elementor-widget elementor-widget-text-editor\" data-id=\"2cdf95af\" data-element_type=\"widget\" data-e-type=\"widget\" data-widget_type=\"text-editor.default\">\n\t\t\t\t<div class=\"elementor-widget-container\">\n\t\t\t\t\t\t\t\t\t<h5>Derni\u00e8re mise \u00e0 jour : 30\/09\/2025<\/h5>\nLa pr\u00e9sente politique de confidentialit\u00e9 d\u00e9crit la mani\u00e8re dont PROTEA France collecte, utilise et prot\u00e8ge les donn\u00e9es personnelles des utilisateurs de son site web www.protea-france.com.\n<h5>1. Responsable du traitement<\/h5>\nLe responsable du traitement des donn\u00e9es est :\nPROTEA France<br>\nAdresse : 11 route des Barbottins 16130 Gensac la Pallue &#8211; France<br>\nEmail : commercial@protea-france.com\nT\u00e9l\u00e9phone : 05 45 35 90 04\n<h5>2. Donn\u00e9es collect\u00e9es<\/h5>\nNous collectons uniquement les donn\u00e9es strictement n\u00e9cessaires \u00e0 la finalit\u00e9 du traitement :<br>\n\nFormulaire de contact : nom, pr\u00e9nom, adresse email, message.<br>\nDonn\u00e9es techniques (via cookies ou outils statistiques) : adresse IP, type de navigateur, pages visit\u00e9es, dur\u00e9e de visite, etc.\n<h5>3. Finalit\u00e9s du traitement<\/h5>\nVos donn\u00e9es sont collect\u00e9es pour les finalit\u00e9s suivantes :<br>\n\nR\u00e9pondre \u00e0 vos demandes via le formulaire de contact.<br>\nAm\u00e9liorer notre site et l&#8217;exp\u00e9rience utilisateur gr\u00e2ce aux donn\u00e9es statistiques.\n<h5>4. Base l\u00e9gale<\/h5>\nLe traitement repose :<br>\n\n&#8211; sur votre consentement.<br>\n&#8211; sur notre int\u00e9r\u00eat l\u00e9gitime \u00e0 analyser les performances du site (statistiques anonymis\u00e9es).\n<h5>5. Dur\u00e9e de conservation<\/h5>\nDonn\u00e9es du formulaire de contact : 3 ans apr\u00e8s le dernier contact.<br>\nDonn\u00e9es techniques : voir notre politique de cookies.\n<h5>6. Destinataires des donn\u00e9es<\/h5>\nLes donn\u00e9es collect\u00e9es sont destin\u00e9es exclusivement \u00e0 PROTEA France.<br>\nElles peuvent \u00eatre trait\u00e9es par des prestataires techniques (h\u00e9bergeur, outil d\u2019emailing), uniquement dans le cadre de la finalit\u00e9 pr\u00e9vue et dans le respect du RGPD.\n<h5>7. Vos droits<\/h5>\nConform\u00e9ment \u00e0 la r\u00e9glementation, vous disposez des droits suivants :<br>\n\nAcc\u00e8s, rectification, suppression de vos donn\u00e9es.<br>\nRetrait de votre consentement \u00e0 tout moment.<br>\nOpposition ou limitation du traitement.<br>\nPortabilit\u00e9 de vos donn\u00e9es (dans certains cas).<br>\nPour exercer vos droits, vous pouvez nous \u00e9crire \u00e0 : whosteing@proteafrance.onmicrosoft.com<br>\n\nVous avez \u00e9galement le droit de d\u00e9poser une r\u00e9clamation aupr\u00e8s de la CNIL : www.cnil.fr\n<h5>8. Cookies<\/h5>\nNotre site utilise des cookies pour am\u00e9liorer votre exp\u00e9rience de navigation et collecter des statistiques anonymes.<br>\nPour en savoir plus, consultez notre politique de cookies.\n<h5>9. S\u00e9curit\u00e9<\/h5>\nNous mettons en \u0153uvre toutes les mesures techniques et organisationnelles n\u00e9cessaires pour prot\u00e9ger vos donn\u00e9es contre la perte, l\u2019acc\u00e8s non autoris\u00e9 ou la divulgation.\t\t\t\t\t\t\t\t<\/div>\n\t\t\t\t<\/div>\n\t\t\t\t\t<\/div>\n\t\t\t\t<\/div>\n\t\t\t\t<\/div>\n\t\t","protected":false},"excerpt":{"rendered":"<p>Privacy policy Home\/No breadcrumbs Derni\u00e8re mise \u00e0 jour : 30\/09\/2025 La pr\u00e9sente politique de confidentialit\u00e9 d\u00e9crit la mani\u00e8re dont PROTEA France collecte, utilise et prot\u00e8ge les donn\u00e9es personnelles des utilisateurs de son site web www.protea-france.com. 1. Responsable du traitement Le responsable du traitement des donn\u00e9es est : PROTEA France Adresse : 11 route des Barbottins&#8230;<\/p>\n","protected":false},"author":1,"featured_media":0,"parent":0,"menu_order":0,"comment_status":"closed","ping_status":"open","template":"","meta":{"_acf_changed":false,"inline_featured_image":false,"footnotes":""},"class_list":["post-3","page","type-page","status-publish","hentry"],"acf":[],"aioseo_notices":[],"_links":{"self":[{"href":"https:\/\/www.protea-france.com\/en\/wp-json\/wp\/v2\/pages\/3","targetHints":{"allow":["GET"]}}],"collection":[{"href":"https:\/\/www.protea-france.com\/en\/wp-json\/wp\/v2\/pages"}],"about":[{"href":"https:\/\/www.protea-france.com\/en\/wp-json\/wp\/v2\/types\/page"}],"author":[{"embeddable":true,"href":"https:\/\/www.protea-france.com\/en\/wp-json\/wp\/v2\/users\/1"}],"replies":[{"embeddable":true,"href":"https:\/\/www.protea-france.com\/en\/wp-json\/wp\/v2\/comments?post=3"}],"version-history":[{"count":25,"href":"https:\/\/www.protea-france.com\/en\/wp-json\/wp\/v2\/pages\/3\/revisions"}],"predecessor-version":[{"id":47809,"href":"https:\/\/www.protea-france.com\/en\/wp-json\/wp\/v2\/pages\/3\/revisions\/47809"}],"wp:attachment":[{"href":"https:\/\/www.protea-france.com\/en\/wp-json\/wp\/v2\/media?parent=3"}],"curies":[{"name":"wp","href":"https:\/\/api.w.org\/{rel}","templated":true}]}}